{"id":4929,"date":"2022-12-27T11:00:32","date_gmt":"2022-12-27T11:00:32","guid":{"rendered":"https:\/\/www.ceranca.ro\/?product=vas-cucutenian-16"},"modified":"2023-01-22T11:12:27","modified_gmt":"2023-01-22T11:12:27","slug":"vas-cucutenian-16","status":"publish","type":"product","link":"https:\/\/www.ceranca.ro\/?product=vas-cucutenian-16","title":{"rendered":"vas cu simbol"},"content":{"rendered":"<p>vas cu\u00a0 decor \u00een relief sculptural, de culoare ocru \u0219i ro\u0219u englez<\/p>\n<p>prezint\u0103 \u00een partea superioar\u0103 un simbol cucutenian realizat cu luster de culoare portocalie, semnific\u00e2nd \u00een <strong>Dic\u021bionarul\u00a0 lui Palmarchuk \u0219i Andriyevskyi<\/strong>:\u00a0<em>cum se \u00eent\u00e2mpl\u0103 totul<\/em><\/p>\n<p>por\u021belan colorat \u00een mas\u0103, 1250 \u00b0C,\u00a0 25 x 36 x 19 cm<\/p>\n<p>&nbsp;<\/p>\n","protected":false},"excerpt":{"rendered":"<p>vas cu\u00a0 decor \u00een relief sculptural, de culoare ocru \u0219i ro\u0219u englez prezint\u0103 \u00een partea superioar\u0103 un simbol cucutenian realizat cu luster de culoare portocalie, semnific\u00e2nd \u00een Dic\u021bionarul\u00a0 lui Palmarchuk \u0219i Andriyevskyi:\u00a0cum se \u00eent\u00e2mpl\u0103 totul por\u021belan colorat \u00een mas\u0103, 1250 \u00b0C,\u00a0 25 x 36 x 19 cm &nbsp;<\/p>\n","protected":false},"featured_media":5141,"comment_status":"closed","ping_status":"closed","template":"","meta":{"site-sidebar-layout":"default","site-content-layout":"default","ast-site-content-layout":"","site-content-style":"default","site-sidebar-style":"default","ast-global-header-display":"","ast-banner-title-visibility":"","ast-main-header-display":"","ast-hfb-above-header-display":"","ast-hfb-below-header-display":"","ast-hfb-mobile-header-display":"","site-post-title":"","ast-breadcrumbs-content":"","ast-featured-img":"","footer-sml-layout":"","theme-transparent-header-meta":"default","adv-header-id-meta":"","stick-header-meta":"","header-above-stick-meta":"","header-main-stick-meta":"","header-below-stick-meta":"","astra-migrate-meta-layouts":""},"product_brand":[],"product_cat":[101],"product_tag":[],"class_list":{"0":"post-4929","1":"product","2":"type-product","3":"status-publish","4":"has-post-thumbnail","6":"product_cat-vase-cucuteniene","7":"desktop-align-left","8":"tablet-align-left","9":"mobile-align-left","11":"first","12":"instock","13":"shipping-taxable","14":"purchasable","15":"product-type-simple"},"aioseo_notices":[],"yoast_head":"<!-- This site is optimized with the Yoast SEO plugin v21.4 - https:\/\/yoast.com\/wordpress\/plugins\/seo\/ -->\n<title>vas cu simbol - Ceranca<\/title>\n<meta name=\"robots\" content=\"index, follow, max-snippet:-1, max-image-preview:large, max-video-preview:-1\" \/>\n<link rel=\"canonical\" href=\"https:\/\/www.ceranca.ro\/?product=vas-cucutenian-16\" \/>\n<meta property=\"og:locale\" content=\"ro_RO\" \/>\n<meta property=\"og:type\" content=\"article\" \/>\n<meta property=\"og:title\" content=\"vas cu simbol - Ceranca\" \/>\n<meta property=\"og:description\" content=\"vas cu\u00a0 decor \u00een relief sculptural, de culoare ocru \u0219i ro\u0219u englez prezint\u0103 \u00een partea superioar\u0103 un simbol cucutenian realizat cu luster de culoare portocalie, semnific\u00e2nd \u00een Dic\u021bionarul\u00a0 lui Palmarchuk \u0219i Andriyevskyi:\u00a0cum se \u00eent\u00e2mpl\u0103 totul por\u021belan colorat \u00een mas\u0103, 1250 \u00b0C,\u00a0 25 x 36 x 19 cm &nbsp;\" \/>\n<meta property=\"og:url\" content=\"https:\/\/www.ceranca.ro\/?product=vas-cucutenian-16\" \/>\n<meta property=\"og:site_name\" content=\"Ceranca\" \/>\n<meta property=\"article:modified_time\" content=\"2023-01-22T11:12:27+00:00\" \/>\n<meta property=\"og:image\" content=\"https:\/\/www.ceranca.ro\/wp-content\/uploads\/2022\/12\/deco-1.png\" \/>\n\t<meta property=\"og:image:width\" content=\"676\" \/>\n\t<meta property=\"og:image:height\" content=\"975\" \/>\n\t<meta property=\"og:image:type\" content=\"image\/png\" \/>\n<meta name=\"twitter:card\" content=\"summary_large_image\" \/>\n<script type=\"application\/ld+json\" class=\"yoast-schema-graph\">{\"@context\":\"https:\/\/schema.org\",\"@graph\":[{\"@type\":\"WebPage\",\"@id\":\"https:\/\/www.ceranca.ro\/?product=vas-cucutenian-16\",\"url\":\"https:\/\/www.ceranca.ro\/?product=vas-cucutenian-16\",\"name\":\"vas cu simbol - Ceranca\",\"isPartOf\":{\"@id\":\"https:\/\/www.ceranca.ro\/#website\"},\"datePublished\":\"2022-12-27T11:00:32+00:00\",\"dateModified\":\"2023-01-22T11:12:27+00:00\",\"breadcrumb\":{\"@id\":\"https:\/\/www.ceranca.ro\/?product=vas-cucutenian-16#breadcrumb\"},\"inLanguage\":\"ro-RO\",\"potentialAction\":[{\"@type\":\"ReadAction\",\"target\":[\"https:\/\/www.ceranca.ro\/?product=vas-cucutenian-16\"]}]},{\"@type\":\"BreadcrumbList\",\"@id\":\"https:\/\/www.ceranca.ro\/?product=vas-cucutenian-16#breadcrumb\",\"itemListElement\":[{\"@type\":\"ListItem\",\"position\":1,\"name\":\"Home\",\"item\":\"https:\/\/www.ceranca.ro\/\"},{\"@type\":\"ListItem\",\"position\":2,\"name\":\"Store\",\"item\":\"https:\/\/www.ceranca.ro\/?page_id=38\"},{\"@type\":\"ListItem\",\"position\":3,\"name\":\"vas cu simbol\"}]},{\"@type\":\"WebSite\",\"@id\":\"https:\/\/www.ceranca.ro\/#website\",\"url\":\"https:\/\/www.ceranca.ro\/\",\"name\":\"Ceranca\",\"description\":\"Artist: Anca Mihaila\",\"publisher\":{\"@id\":\"https:\/\/www.ceranca.ro\/#organization\"},\"potentialAction\":[{\"@type\":\"SearchAction\",\"target\":{\"@type\":\"EntryPoint\",\"urlTemplate\":\"https:\/\/www.ceranca.ro\/?s={search_term_string}\"},\"query-input\":\"required name=search_term_string\"}],\"inLanguage\":\"ro-RO\"},{\"@type\":\"Organization\",\"@id\":\"https:\/\/www.ceranca.ro\/#organization\",\"name\":\"Ceranca\",\"url\":\"https:\/\/www.ceranca.ro\/\",\"logo\":{\"@type\":\"ImageObject\",\"inLanguage\":\"ro-RO\",\"@id\":\"https:\/\/www.ceranca.ro\/#\/schema\/logo\/image\/\",\"url\":\"https:\/\/www.ceranca.ro\/wp-content\/uploads\/2022\/11\/logo-design-2-alb-1.png\",\"contentUrl\":\"https:\/\/www.ceranca.ro\/wp-content\/uploads\/2022\/11\/logo-design-2-alb-1.png\",\"width\":1465,\"height\":1466,\"caption\":\"Ceranca\"},\"image\":{\"@id\":\"https:\/\/www.ceranca.ro\/#\/schema\/logo\/image\/\"}}]}<\/script>\n<!-- \/ Yoast SEO plugin. -->","yoast_head_json":{"title":"vas cu simbol - Ceranca","robots":{"index":"index","follow":"follow","max-snippet":"max-snippet:-1","max-image-preview":"max-image-preview:large","max-video-preview":"max-video-preview:-1"},"canonical":"https:\/\/www.ceranca.ro\/?product=vas-cucutenian-16","og_locale":"ro_RO","og_type":"article","og_title":"vas cu simbol - Ceranca","og_description":"vas cu\u00a0 decor \u00een relief sculptural, de culoare ocru \u0219i ro\u0219u englez prezint\u0103 \u00een partea superioar\u0103 un simbol cucutenian realizat cu luster de culoare portocalie, semnific\u00e2nd \u00een Dic\u021bionarul\u00a0 lui Palmarchuk \u0219i Andriyevskyi:\u00a0cum se \u00eent\u00e2mpl\u0103 totul por\u021belan colorat \u00een mas\u0103, 1250 \u00b0C,\u00a0 25 x 36 x 19 cm &nbsp;","og_url":"https:\/\/www.ceranca.ro\/?product=vas-cucutenian-16","og_site_name":"Ceranca","article_modified_time":"2023-01-22T11:12:27+00:00","og_image":[{"width":676,"height":975,"url":"https:\/\/www.ceranca.ro\/wp-content\/uploads\/2022\/12\/deco-1.png","type":"image\/png"}],"twitter_card":"summary_large_image","schema":{"@context":"https:\/\/schema.org","@graph":[{"@type":"WebPage","@id":"https:\/\/www.ceranca.ro\/?product=vas-cucutenian-16","url":"https:\/\/www.ceranca.ro\/?product=vas-cucutenian-16","name":"vas cu simbol - Ceranca","isPartOf":{"@id":"https:\/\/www.ceranca.ro\/#website"},"datePublished":"2022-12-27T11:00:32+00:00","dateModified":"2023-01-22T11:12:27+00:00","breadcrumb":{"@id":"https:\/\/www.ceranca.ro\/?product=vas-cucutenian-16#breadcrumb"},"inLanguage":"ro-RO","potentialAction":[{"@type":"ReadAction","target":["https:\/\/www.ceranca.ro\/?product=vas-cucutenian-16"]}]},{"@type":"BreadcrumbList","@id":"https:\/\/www.ceranca.ro\/?product=vas-cucutenian-16#breadcrumb","itemListElement":[{"@type":"ListItem","position":1,"name":"Home","item":"https:\/\/www.ceranca.ro\/"},{"@type":"ListItem","position":2,"name":"Store","item":"https:\/\/www.ceranca.ro\/?page_id=38"},{"@type":"ListItem","position":3,"name":"vas cu simbol"}]},{"@type":"WebSite","@id":"https:\/\/www.ceranca.ro\/#website","url":"https:\/\/www.ceranca.ro\/","name":"Ceranca","description":"Artist: Anca Mihaila","publisher":{"@id":"https:\/\/www.ceranca.ro\/#organization"},"potentialAction":[{"@type":"SearchAction","target":{"@type":"EntryPoint","urlTemplate":"https:\/\/www.ceranca.ro\/?s={search_term_string}"},"query-input":"required name=search_term_string"}],"inLanguage":"ro-RO"},{"@type":"Organization","@id":"https:\/\/www.ceranca.ro\/#organization","name":"Ceranca","url":"https:\/\/www.ceranca.ro\/","logo":{"@type":"ImageObject","inLanguage":"ro-RO","@id":"https:\/\/www.ceranca.ro\/#\/schema\/logo\/image\/","url":"https:\/\/www.ceranca.ro\/wp-content\/uploads\/2022\/11\/logo-design-2-alb-1.png","contentUrl":"https:\/\/www.ceranca.ro\/wp-content\/uploads\/2022\/11\/logo-design-2-alb-1.png","width":1465,"height":1466,"caption":"Ceranca"},"image":{"@id":"https:\/\/www.ceranca.ro\/#\/schema\/logo\/image\/"}}]}},"_links":{"self":[{"href":"https:\/\/www.ceranca.ro\/index.php?rest_route=\/wp\/v2\/product\/4929","targetHints":{"allow":["GET"]}}],"collection":[{"href":"https:\/\/www.ceranca.ro\/index.php?rest_route=\/wp\/v2\/product"}],"about":[{"href":"https:\/\/www.ceranca.ro\/index.php?rest_route=\/wp\/v2\/types\/product"}],"replies":[{"embeddable":true,"href":"https:\/\/www.ceranca.ro\/index.php?rest_route=%2Fwp%2Fv2%2Fcomments&post=4929"}],"version-history":[{"count":10,"href":"https:\/\/www.ceranca.ro\/index.php?rest_route=\/wp\/v2\/product\/4929\/revisions"}],"predecessor-version":[{"id":5662,"href":"https:\/\/www.ceranca.ro\/index.php?rest_route=\/wp\/v2\/product\/4929\/revisions\/5662"}],"wp:featuredmedia":[{"embeddable":true,"href":"https:\/\/www.ceranca.ro\/index.php?rest_route=\/wp\/v2\/media\/5141"}],"wp:attachment":[{"href":"https:\/\/www.ceranca.ro\/index.php?rest_route=%2Fwp%2Fv2%2Fmedia&parent=4929"}],"wp:term":[{"taxonomy":"product_brand","embeddable":true,"href":"https:\/\/www.ceranca.ro\/index.php?rest_route=%2Fwp%2Fv2%2Fproduct_brand&post=4929"},{"taxonomy":"product_cat","embeddable":true,"href":"https:\/\/www.ceranca.ro\/index.php?rest_route=%2Fwp%2Fv2%2Fproduct_cat&post=4929"},{"taxonomy":"product_tag","embeddable":true,"href":"https:\/\/www.ceranca.ro\/index.php?rest_route=%2Fwp%2Fv2%2Fproduct_tag&post=4929"}],"curies":[{"name":"wp","href":"https:\/\/api.w.org\/{rel}","templated":true}]}}